{"id":16,"date":"2021-02-26T00:12:58","date_gmt":"2021-02-26T00:12:58","guid":{"rendered":"https:\/\/neu.cumtum.ch\/?page_id=16"},"modified":"2025-07-23T08:40:58","modified_gmt":"2025-07-23T08:40:58","slug":"katzenraum","status":"publish","type":"page","link":"https:\/\/katzenpension-schwantenau.ch\/index.php\/katzenraum\/","title":{"rendered":"Katzenraum"},"content":{"rendered":"\n<p><strong><mark style=\"background-color:rgba(0, 0, 0, 0)\" class=\"has-inline-color has-vivid-cyan-blue-color\">KATZENRAUM<\/mark><\/strong><\/p>\n\n\n\n<p>Der <a href=\"https:\/\/katzenpension-schwantenau.ch\/index.php\/bilder\/\" target=\"_blank\" rel=\"noreferrer noopener\"><span class=\"has-inline-color has-vivid-cyan-blue-color\"><strong>Katzenraum<\/strong><\/span><\/a> ist ein heller Raum mit 13m\u00b2, vielen Fenstern und Rundumblick ins Gr\u00fcne.  Der Katzenbalkon bietet einen sch\u00f6nen Ausblick. <\/p>\n\n\n\n<p>Der Raum ist mit modernen waschbaren Liege-\/Spiel- und Kletterpl\u00e4tzen eingerichtet und bietet grossz\u00fcgig Platz f\u00fcr max. 5 Katzen.<\/p>\n\n\n\n<p>Der Katzenraum befindet sich im Wohnhaus in Sicht- und H\u00f6rweite. <br><br>W\u00e4hrend des Aufenthaltes k\u00f6nnen wir Fotos und Kurzberichte \u00fcber die Ferienkatze schicken.<\/p>\n\n\n\n<p><strong>Die Pl\u00e4tze sind w\u00e4hrend der Schulferien schnell ausgebucht, daher bitte fr\u00fch anmelden.<\/strong><\/p>\n\n\n\n<figure class=\"wp-block-image size-large\"><img decoding=\"async\" src=\"https:\/\/katzenpension-schwantenau.ch\/wp-content\/uploads\/2023\/12\/IMG_99471-scaled.jpg\" alt=\"\"\/><\/figure>\n\n\n\n<p id=\"impressionen\"><a href=\"https:\/\/katzenpension-schwantenau.ch\/index.php\/bilder\/\" target=\"_blank\" rel=\"noreferrer noopener\">Weitere Impressionen Katzenpension\/Katzenraum<\/a><\/p>\n\n\n\n<p><\/p>\n","protected":false},"excerpt":{"rendered":"<p>KATZENRAUM Der Katzenraum ist ein heller Raum mit 13m\u00b2, vielen Fenstern und Rundumblick ins Gr\u00fcne. Der Katzenbalkon bietet einen sch\u00f6nen Ausblick. Der Raum ist mit modernen waschbaren Liege-\/Spiel- und Kletterpl\u00e4tzen eingerichtet und bietet grossz\u00fcgig Platz f\u00fcr max. 5 Katzen. Der Katzenraum befindet sich im Wohnhaus in Sicht- und H\u00f6rweite. W\u00e4hrend des Aufenthaltes k\u00f6nnen wir Fotos [&hellip;]<\/p>\n","protected":false},"author":1,"featured_media":0,"parent":0,"menu_order":0,"comment_status":"closed","ping_status":"closed","template":"","meta":{"ngg_post_thumbnail":0,"footnotes":""},"class_list":["post-16","page","type-page","status-publish","hentry"],"_links":{"self":[{"href":"https:\/\/katzenpension-schwantenau.ch\/index.php\/wp-json\/wp\/v2\/pages\/16","targetHints":{"allow":["GET"]}}],"collection":[{"href":"https:\/\/katzenpension-schwantenau.ch\/index.php\/wp-json\/wp\/v2\/pages"}],"about":[{"href":"https:\/\/katzenpension-schwantenau.ch\/index.php\/wp-json\/wp\/v2\/types\/page"}],"author":[{"embeddable":true,"href":"https:\/\/katzenpension-schwantenau.ch\/index.php\/wp-json\/wp\/v2\/users\/1"}],"replies":[{"embeddable":true,"href":"https:\/\/katzenpension-schwantenau.ch\/index.php\/wp-json\/wp\/v2\/comments?post=16"}],"version-history":[{"count":63,"href":"https:\/\/katzenpension-schwantenau.ch\/index.php\/wp-json\/wp\/v2\/pages\/16\/revisions"}],"predecessor-version":[{"id":959,"href":"https:\/\/katzenpension-schwantenau.ch\/index.php\/wp-json\/wp\/v2\/pages\/16\/revisions\/959"}],"wp:attachment":[{"href":"https:\/\/katzenpension-schwantenau.ch\/index.php\/wp-json\/wp\/v2\/media?parent=16"}],"curies":[{"name":"wp","href":"https:\/\/api.w.org\/{rel}","templated":true}]}}