{"id":2,"date":"2021-02-21T16:36:50","date_gmt":"2021-02-21T16:36:50","guid":{"rendered":"https:\/\/neu.cumtum.ch\/?page_id=2"},"modified":"2025-11-09T10:18:28","modified_gmt":"2025-11-09T10:18:28","slug":"startseite","status":"publish","type":"page","link":"https:\/\/katzenpension-schwantenau.ch\/","title":{"rendered":"KATZENPENSION SCHWANTENAU"},"content":{"rendered":"\n<p class=\"has-text-align-left\"><mark style=\"background-color:rgba(0, 0, 0, 0)\" class=\"has-inline-color has-vivid-cyan-blue-color\"><strong>KATZENPENSION SCHWANTENAU<\/strong><\/mark> <strong>Einsiedeln \/ Kanton Schwyz<\/strong><br><br><strong>Ferienaufenthalte in Gruppen<\/strong><br> <br>Die <strong><mark style=\"background-color:rgba(0, 0, 0, 0)\" class=\"has-inline-color has-vivid-cyan-blue-color\">Katzenpension Schwantenau<\/mark><\/strong> <a class=\"rank-math-link\" aria-label=\"bei Einsiedeln im Kanton Schwyz (opens in a new tab)\" href=\"https:\/\/katzenpension-schwantenau.ch\/index.php\/standort\/\" target=\"_blank\" rel=\"noreferrer noopener\">bei Einsiedeln im Kanton Schwyz<\/a> befindet sich in unserem Haus mitten in der ruhigen Natur, angrenzend an das <a class=\"rank-math-link\" href=\"https:\/\/schwantenau.ch\/\" target=\"_blank\" rel=\"noreferrer noopener\">Naturschutzgebiet Schwantenau<\/a>.<\/p>\n\n\n\n<p class=\"has-text-align-left\">Wir betreuen die Katzen individuell, liebevoll und nehmen uns gerne viel Zeit f\u00fcr deren Bed\u00fcrfnisse. Aufmerksamkeit erhalten diese von der ganzen Familie, welche langj\u00e4hrige Erfahrung mit Katzen und 2 Katzenw\u00fcrfe begleitet hat. Katzen und Hunde geh\u00f6ren zur Familie. <\/p>\n\n\n\n<p class=\"has-text-align-left\">Im <a href=\"https:\/\/katzenpension-schwantenau.ch\/index.php\/katzenraum\/\" target=\"_blank\" rel=\"noreferrer noopener\">Katzenraum<\/a> haben insgesamt max. 5 Katzen insgesamt grossz\u00fcgig Platz.  Wir legen Wert auf Sauberkeit. W\u00e4hrend des Aufenthaltes k\u00f6nnen wir Fotos und Kurzberichte \u00fcber die Ferienkatze schicken.<\/p>\n\n\n\n<p class=\"has-text-align-left\">Wir freuen uns \u00fcber Ihre Kontaktaufnahme oder Besichtigung.<\/p>\n\n\n\n<p><strong>Die Pl\u00e4tze sind w\u00e4hrend der Schulferien schnell ausgebucht, daher bitte fr\u00fch anmelden<\/strong>.<\/p>\n\n\n\n<p>Familie Ruhstaller<\/p>\n\n\n\n<figure class=\"wp-block-image size-large\"><img loading=\"lazy\" decoding=\"async\" width=\"1024\" height=\"768\" src=\"https:\/\/katzenpension-schwantenau.ch\/wp-content\/uploads\/2021\/02\/image-2-1024x768.png\" alt=\"Katzenpension Schwantenau\" class=\"wp-image-59\" srcset=\"https:\/\/katzenpension-schwantenau.ch\/wp-content\/uploads\/2021\/02\/image-2-1024x768.png 1024w, https:\/\/katzenpension-schwantenau.ch\/wp-content\/uploads\/2021\/02\/image-2-300x225.png 300w, https:\/\/katzenpension-schwantenau.ch\/wp-content\/uploads\/2021\/02\/image-2-768x576.png 768w, https:\/\/katzenpension-schwantenau.ch\/wp-content\/uploads\/2021\/02\/image-2-1536x1152.png 1536w, https:\/\/katzenpension-schwantenau.ch\/wp-content\/uploads\/2021\/02\/image-2-2048x1536.png 2048w\" sizes=\"auto, (max-width: 1024px) 100vw, 1024px\" \/><figcaption class=\"wp-element-caption\"><a rel=\"noreferrer noopener\" href=\"https:\/\/katzenpension-schwantenau.ch\/index.php\/bilder\/\" data-type=\"URL\" target=\"_blank\">Katzenpension Schwantenau bei Einsiedeln<\/a><\/figcaption><\/figure>\n\n\n\n<p><\/p>\n\n\n\n<p><\/p>\n","protected":false},"excerpt":{"rendered":"<p>KATZENPENSION SCHWANTENAU Einsiedeln \/ Kanton Schwyz Ferienaufenthalte in Gruppen Die Katzenpension Schwantenau bei Einsiedeln im Kanton Schwyz befindet sich in unserem Haus mitten in der ruhigen Natur, angrenzend an das Naturschutzgebiet Schwantenau. Wir betreuen die Katzen individuell, liebevoll und nehmen uns gerne viel Zeit f\u00fcr deren Bed\u00fcrfnisse. Aufmerksamkeit erhalten diese von der ganzen Familie, welche [&hellip;]<\/p>\n","protected":false},"author":1,"featured_media":37,"parent":0,"menu_order":0,"comment_status":"closed","ping_status":"closed","template":"","meta":{"ngg_post_thumbnail":0,"footnotes":""},"class_list":["post-2","page","type-page","status-publish","has-post-thumbnail","hentry"],"_links":{"self":[{"href":"https:\/\/katzenpension-schwantenau.ch\/index.php\/wp-json\/wp\/v2\/pages\/2","targetHints":{"allow":["GET"]}}],"collection":[{"href":"https:\/\/katzenpension-schwantenau.ch\/index.php\/wp-json\/wp\/v2\/pages"}],"about":[{"href":"https:\/\/katzenpension-schwantenau.ch\/index.php\/wp-json\/wp\/v2\/types\/page"}],"author":[{"embeddable":true,"href":"https:\/\/katzenpension-schwantenau.ch\/index.php\/wp-json\/wp\/v2\/users\/1"}],"replies":[{"embeddable":true,"href":"https:\/\/katzenpension-schwantenau.ch\/index.php\/wp-json\/wp\/v2\/comments?post=2"}],"version-history":[{"count":88,"href":"https:\/\/katzenpension-schwantenau.ch\/index.php\/wp-json\/wp\/v2\/pages\/2\/revisions"}],"predecessor-version":[{"id":956,"href":"https:\/\/katzenpension-schwantenau.ch\/index.php\/wp-json\/wp\/v2\/pages\/2\/revisions\/956"}],"wp:featuredmedia":[{"embeddable":true,"href":"https:\/\/katzenpension-schwantenau.ch\/index.php\/wp-json\/wp\/v2\/media\/37"}],"wp:attachment":[{"href":"https:\/\/katzenpension-schwantenau.ch\/index.php\/wp-json\/wp\/v2\/media?parent=2"}],"curies":[{"name":"wp","href":"https:\/\/api.w.org\/{rel}","templated":true}]}}